{"id":9631,"date":"2019-08-12T12:23:18","date_gmt":"2019-08-12T16:23:18","guid":{"rendered":"http:\/\/academos.devchoco.com\/?page_id=9631"},"modified":"2021-06-02T10:58:51","modified_gmt":"2021-06-02T14:58:51","slug":"articles-de-blogue","status":"publish","type":"page","link":"https:\/\/academos-staging.codestory.app\/en\/articles-de-blogue\/","title":{"rendered":"Articles de blogue"},"content":{"rendered":"<p>Les articles de blogue pr\u00e9sentent, de fa\u00e7on inspirationnelle, les diff\u00e9rents aspects de la vie d\u2019adulte et accompagnent les jeunes \u00e0 travers leur vie au quotidien, leur choix d\u2019\u00e9tudes et leurs r\u00e9flexions relatives \u00e0 leur choix de carri\u00e8re. Ils permettent aussi de vanter les m\u00e9rites de travailler dans votre secteur et les raisons pour lesquelles la rel\u00e8ve devrait le consid\u00e9rer.<\/p>\n<p>Les articles de contenu sont promus sur le <a href=\"https:\/\/academos-staging.codestory.app\/blogue\/\" target=\"_blank\" rel=\"noopener noreferrer\">blogue d&#8217;Academos d\u00e9di\u00e9 aux jeunes<\/a> ainsi qu&#8217;\u00e0 l&#8217;int\u00e9rieur de l&#8217;application, dans le fil d&#8217;actualit\u00e9 de nos 135 000 jeunes utilisateurs. Ils sont \u00e9galement relay\u00e9s sur les pages <a href=\"https:\/\/www.facebook.com\/academosmentorat\/\" target=\"_blank\" rel=\"noopener noreferrer\">Facebook<\/a> et <a href=\"https:\/\/www.instagram.com\/academos_\/\" target=\"_blank\" rel=\"noopener noreferrer\">Instagram<\/a> d\u2019Academos, qui rejoignent respectivement 14 000 et 3800 abonn\u00e9s.<\/p>\n<h3>Exemples d&#8217;articles de blogue :<\/h3>\n<div><\/div>\n<div style=\"float: left; width: 50%; text-align: center;\"><a href=\"https:\/\/academos-staging.codestory.app\/blogue\/5-raisons-de-faire-carriere-finance\/\" target=\"_blank\" rel=\"noopener noreferrer\"><img loading=\"lazy\" class=\"alignnone wp-image-10384 size-full\" src=\"https:\/\/academos-staging.codestory.app\/wp-content\/uploads\/2019\/08\/capture-decran-2019-08-14-a-14-34-10.png\" alt=\"\" width=\"358\" height=\"247\" srcset=\"https:\/\/academos-staging.codestory.app\/wp-content\/uploads\/2019\/08\/capture-decran-2019-08-14-a-14-34-10.png 358w, https:\/\/academos-staging.codestory.app\/wp-content\/uploads\/2019\/08\/capture-decran-2019-08-14-a-14-34-10-300x207.png 300w\" sizes=\"(max-width: 358px) 100vw, 358px\" \/><\/a><br \/>\nCommandit\u00e9 par <a href=\"https:\/\/www.finance-montreal.com\/\" target=\"_blank\" rel=\"noopener noreferrer\">Finance Montr\u00e9al<\/a><\/div>\n<div style=\"float: left; width: 50%; text-align: center;\"><a href=\"https:\/\/academos-staging.codestory.app\/blogue\/10-questions-essentielles-a-poser-a-une-ingenieure-en-aerospatial\/\" target=\"_blank\" rel=\"noopener noreferrer\"><img loading=\"lazy\" class=\"alignnone wp-image-10392 size-full\" src=\"https:\/\/academos-staging.codestory.app\/wp-content\/uploads\/2019\/08\/capture-decran-2019-08-14-a-14-35-40.png\" alt=\"\" width=\"356\" height=\"247\" srcset=\"https:\/\/academos-staging.codestory.app\/wp-content\/uploads\/2019\/08\/capture-decran-2019-08-14-a-14-35-40.png 356w, https:\/\/academos-staging.codestory.app\/wp-content\/uploads\/2019\/08\/capture-decran-2019-08-14-a-14-35-40-300x208.png 300w\" sizes=\"(max-width: 356px) 100vw, 356px\" \/><\/a><\/div>\n<div style=\"float: left; width: 50%; text-align: center;\">Commandit\u00e9 par le <a href=\"http:\/\/www.scf.gouv.qc.ca\/\" target=\"_blank\" rel=\"noopener noreferrer\">Secr\u00e9tariat \u00e0 la condition f\u00e9minine<\/a><\/div>\n<p>&nbsp;<\/p>\n<h2>Quiz<\/h2>\n<p>Le quiz ludique est un contenu non scientifiquement valid\u00e9 mais \u00f4 combien engageant pour les jeunes! Il permet d&#8217;amener les jeunes \u00e0 penser \u00e0 votre secteur et ses m\u00e9tiers sous un autre angle, et surtout, de les diriger vers un profil de votre industrie.<\/p>\n<p>Le quiz sera lui-aussi promu sur notre blogue d\u00e9di\u00e9 aux jeunes, dans l&#8217;app et sur nos pages Facebook et Instagram, qui rejoignent au total plus de 135 000 jeunes.<\/p>\n<h3>Exemples d&#8217;articles pr\u00e9sentant un quiz :<\/h3>\n<div><\/div>\n<div style=\"float: left; width: 50%; text-align: center;\"><a href=\"https:\/\/academos-staging.codestory.app\/blogue\/5-raisons-de-faire-carriere-finance\/\" target=\"_blank\" rel=\"noopener noreferrer\"><img loading=\"lazy\" class=\"alignnone wp-image-10421 size-full\" src=\"https:\/\/academos-staging.codestory.app\/wp-content\/uploads\/2019\/08\/capture-decran-2019-08-14-a-14-45-58.png\" alt=\"\" width=\"357\" height=\"246\" srcset=\"https:\/\/academos-staging.codestory.app\/wp-content\/uploads\/2019\/08\/capture-decran-2019-08-14-a-14-45-58.png 357w, https:\/\/academos-staging.codestory.app\/wp-content\/uploads\/2019\/08\/capture-decran-2019-08-14-a-14-45-58-300x207.png 300w\" sizes=\"(max-width: 357px) 100vw, 357px\" \/><\/a><br \/>\nCommandit\u00e9 par le <a href=\"https:\/\/www.jeunes.gouv.qc.ca\/\" target=\"_blank\" rel=\"noopener noreferrer\">Secr\u00e9tariat \u00e0 la jeunesse du Qu\u00e9bec<\/a><\/div>\n<div style=\"float: left; width: 50%; text-align: center;\"><a href=\"https:\/\/academos-staging.codestory.app\/blogue\/10-questions-essentielles-a-poser-a-une-ingenieure-en-aerospatial\/\" target=\"_blank\" rel=\"noopener noreferrer\"><img loading=\"lazy\" class=\"alignnone wp-image-10426 size-full\" src=\"https:\/\/academos-staging.codestory.app\/wp-content\/uploads\/2019\/08\/capture-decran-2019-08-14-a-14-46-28.png\" alt=\"\" width=\"358\" height=\"249\" srcset=\"https:\/\/academos-staging.codestory.app\/wp-content\/uploads\/2019\/08\/capture-decran-2019-08-14-a-14-46-28.png 358w, https:\/\/academos-staging.codestory.app\/wp-content\/uploads\/2019\/08\/capture-decran-2019-08-14-a-14-46-28-300x209.png 300w\" sizes=\"(max-width: 358px) 100vw, 358px\" \/><\/a><\/div>\n<div style=\"float: left; width: 50%; text-align: center;\">Commandit\u00e9 par <a href=\"https:\/\/www.etsmtl.ca\/\" target=\"_blank\" rel=\"noopener noreferrer\">l&#8217;\u00c9cole de technologie sup\u00e9rieure (\u00c9TS)<\/a><\/div>\n<p>&nbsp;<\/p>\n<p>&nbsp;<\/p>\n<p><strong>Pour plus d&#8217;information :<\/strong><br \/>\n\u00c9milie Dumas<br \/>\n514 332-3006 poste 6273<br \/>\n<a href=\"mailto:edumas@academos.qc.ca\" target=\"_blank\" rel=\"noopener noreferrer\">edumas@academos.qc.ca<\/a><\/p>\n","protected":false},"excerpt":{"rendered":"<p>Les articles de blogue pr\u00e9sentent, de fa\u00e7on inspirationnelle, les diff\u00e9rents aspects de la vie d\u2019adulte et accompagnent les jeunes \u00e0 travers leur vie au quotidien, leur choix d\u2019\u00e9tudes et leurs r\u00e9flexions relatives \u00e0 leur choix de carri\u00e8re. Ils permettent aussi de vanter les m\u00e9rites de travailler dans votre secteur et les raisons pour lesquelles la [&hellip;]<\/p>\n","protected":false},"author":32,"featured_media":0,"parent":0,"menu_order":0,"comment_status":"closed","ping_status":"closed","template":"template-base-nomenu.php","meta":[],"acf":[],"yoast_head":"<!-- This site is optimized with the Yoast SEO plugin v20.1 - https:\/\/yoast.com\/wordpress\/plugins\/seo\/ -->\n<title>Articles de blogue - Academos<\/title>\n<meta name=\"robots\" content=\"noindex, follow, max-snippet:-1, max-image-preview:large, max-video-preview:-1\" \/>\n<meta property=\"og:locale\" content=\"en_US\" \/>\n<meta property=\"og:type\" content=\"article\" \/>\n<meta property=\"og:title\" content=\"Articles de blogue - Academos\" \/>\n<meta property=\"og:description\" content=\"Les articles de blogue pr\u00e9sentent, de fa\u00e7on inspirationnelle, les diff\u00e9rents aspects de la vie d\u2019adulte et accompagnent les jeunes \u00e0 travers leur vie au quotidien, leur choix d\u2019\u00e9tudes et leurs r\u00e9flexions relatives \u00e0 leur choix de carri\u00e8re. Ils permettent aussi de vanter les m\u00e9rites de travailler dans votre secteur et les raisons pour lesquelles la [&hellip;]\" \/>\n<meta property=\"og:url\" content=\"https:\/\/academos-staging.codestory.app\/en\/articles-de-blogue\/\" \/>\n<meta property=\"og:site_name\" content=\"Academos\" \/>\n<meta property=\"article:publisher\" content=\"https:\/\/www.facebook.com\/academosmentorat\/\" \/>\n<meta property=\"article:modified_time\" content=\"2021-06-02T14:58:51+00:00\" \/>\n<meta property=\"og:image\" content=\"https:\/\/academos-staging.codestory.app\/wp-content\/uploads\/2019\/08\/capture-decran-2019-08-14-a-14-34-10.png\" \/>\n<meta name=\"twitter:card\" content=\"summary_large_image\" \/>\n<meta name=\"twitter:site\" content=\"@Academos_\" \/>\n<meta name=\"twitter:label1\" content=\"Est. reading time\" \/>\n\t<meta name=\"twitter:data1\" content=\"2 minutes\" \/>\n<script type=\"application\/ld+json\" class=\"yoast-schema-graph\">{\"@context\":\"https:\/\/schema.org\",\"@graph\":[{\"@type\":\"WebPage\",\"@id\":\"https:\/\/academos-staging.codestory.app\/en\/articles-de-blogue\/\",\"url\":\"https:\/\/academos-staging.codestory.app\/en\/articles-de-blogue\/\",\"name\":\"Articles de blogue - Academos\",\"isPartOf\":{\"@id\":\"https:\/\/academos-staging.codestory.app\/en\/#website\"},\"datePublished\":\"2019-08-12T16:23:18+00:00\",\"dateModified\":\"2021-06-02T14:58:51+00:00\",\"breadcrumb\":{\"@id\":\"https:\/\/academos-staging.codestory.app\/en\/articles-de-blogue\/#breadcrumb\"},\"inLanguage\":\"en-US\",\"potentialAction\":[{\"@type\":\"ReadAction\",\"target\":[\"https:\/\/academos-staging.codestory.app\/en\/articles-de-blogue\/\"]}]},{\"@type\":\"BreadcrumbList\",\"@id\":\"https:\/\/academos-staging.codestory.app\/en\/articles-de-blogue\/#breadcrumb\",\"itemListElement\":[{\"@type\":\"ListItem\",\"position\":1,\"name\":\"Accueil\",\"item\":\"https:\/\/academos-staging.codestory.app\/en\/\"},{\"@type\":\"ListItem\",\"position\":2,\"name\":\"Articles de blogue\"}]},{\"@type\":\"WebSite\",\"@id\":\"https:\/\/academos-staging.codestory.app\/en\/#website\",\"url\":\"https:\/\/academos-staging.codestory.app\/en\/\",\"name\":\"Academos\",\"description\":\"\",\"publisher\":{\"@id\":\"https:\/\/academos-staging.codestory.app\/en\/#organization\"},\"potentialAction\":[{\"@type\":\"SearchAction\",\"target\":{\"@type\":\"EntryPoint\",\"urlTemplate\":\"https:\/\/academos-staging.codestory.app\/en\/?s={search_term_string}\"},\"query-input\":\"required name=search_term_string\"}],\"inLanguage\":\"en-US\"},{\"@type\":\"Organization\",\"@id\":\"https:\/\/academos-staging.codestory.app\/en\/#organization\",\"name\":\"Academos\",\"url\":\"https:\/\/academos-staging.codestory.app\/en\/\",\"logo\":{\"@type\":\"ImageObject\",\"inLanguage\":\"en-US\",\"@id\":\"https:\/\/academos-staging.codestory.app\/en\/#\/schema\/logo\/image\/\",\"url\":\"https:\/\/academos-staging.codestory.app\/wp-content\/uploads\/2020\/04\/logoacademosofficiel_orange.png\",\"contentUrl\":\"https:\/\/academos-staging.codestory.app\/wp-content\/uploads\/2020\/04\/logoacademosofficiel_orange.png\",\"width\":1020,\"height\":853,\"caption\":\"Academos\"},\"image\":{\"@id\":\"https:\/\/academos-staging.codestory.app\/en\/#\/schema\/logo\/image\/\"},\"sameAs\":[\"https:\/\/www.facebook.com\/academosmentorat\/\",\"https:\/\/twitter.com\/Academos_\",\"https:\/\/www.instagram.com\/academos_\/\",\"https:\/\/www.linkedin.com\/company\/academos-qc-ca\",\"https:\/\/www.youtube.com\/channel\/UCZFjEUFE3l7kbqgQu3c_fFg\"]}]}<\/script>\n<!-- \/ Yoast SEO plugin. -->","yoast_head_json":{"title":"Articles de blogue - Academos","robots":{"index":"noindex","follow":"follow","max-snippet":"max-snippet:-1","max-image-preview":"max-image-preview:large","max-video-preview":"max-video-preview:-1"},"og_locale":"en_US","og_type":"article","og_title":"Articles de blogue - Academos","og_description":"Les articles de blogue pr\u00e9sentent, de fa\u00e7on inspirationnelle, les diff\u00e9rents aspects de la vie d\u2019adulte et accompagnent les jeunes \u00e0 travers leur vie au quotidien, leur choix d\u2019\u00e9tudes et leurs r\u00e9flexions relatives \u00e0 leur choix de carri\u00e8re. Ils permettent aussi de vanter les m\u00e9rites de travailler dans votre secteur et les raisons pour lesquelles la [&hellip;]","og_url":"https:\/\/academos-staging.codestory.app\/en\/articles-de-blogue\/","og_site_name":"Academos","article_publisher":"https:\/\/www.facebook.com\/academosmentorat\/","article_modified_time":"2021-06-02T14:58:51+00:00","og_image":[{"url":"https:\/\/academos-staging.codestory.app\/wp-content\/uploads\/2019\/08\/capture-decran-2019-08-14-a-14-34-10.png"}],"twitter_card":"summary_large_image","twitter_site":"@Academos_","twitter_misc":{"Est. reading time":"2 minutes"},"schema":{"@context":"https:\/\/schema.org","@graph":[{"@type":"WebPage","@id":"https:\/\/academos-staging.codestory.app\/en\/articles-de-blogue\/","url":"https:\/\/academos-staging.codestory.app\/en\/articles-de-blogue\/","name":"Articles de blogue - Academos","isPartOf":{"@id":"https:\/\/academos-staging.codestory.app\/en\/#website"},"datePublished":"2019-08-12T16:23:18+00:00","dateModified":"2021-06-02T14:58:51+00:00","breadcrumb":{"@id":"https:\/\/academos-staging.codestory.app\/en\/articles-de-blogue\/#breadcrumb"},"inLanguage":"en-US","potentialAction":[{"@type":"ReadAction","target":["https:\/\/academos-staging.codestory.app\/en\/articles-de-blogue\/"]}]},{"@type":"BreadcrumbList","@id":"https:\/\/academos-staging.codestory.app\/en\/articles-de-blogue\/#breadcrumb","itemListElement":[{"@type":"ListItem","position":1,"name":"Accueil","item":"https:\/\/academos-staging.codestory.app\/en\/"},{"@type":"ListItem","position":2,"name":"Articles de blogue"}]},{"@type":"WebSite","@id":"https:\/\/academos-staging.codestory.app\/en\/#website","url":"https:\/\/academos-staging.codestory.app\/en\/","name":"Academos","description":"","publisher":{"@id":"https:\/\/academos-staging.codestory.app\/en\/#organization"},"potentialAction":[{"@type":"SearchAction","target":{"@type":"EntryPoint","urlTemplate":"https:\/\/academos-staging.codestory.app\/en\/?s={search_term_string}"},"query-input":"required name=search_term_string"}],"inLanguage":"en-US"},{"@type":"Organization","@id":"https:\/\/academos-staging.codestory.app\/en\/#organization","name":"Academos","url":"https:\/\/academos-staging.codestory.app\/en\/","logo":{"@type":"ImageObject","inLanguage":"en-US","@id":"https:\/\/academos-staging.codestory.app\/en\/#\/schema\/logo\/image\/","url":"https:\/\/academos-staging.codestory.app\/wp-content\/uploads\/2020\/04\/logoacademosofficiel_orange.png","contentUrl":"https:\/\/academos-staging.codestory.app\/wp-content\/uploads\/2020\/04\/logoacademosofficiel_orange.png","width":1020,"height":853,"caption":"Academos"},"image":{"@id":"https:\/\/academos-staging.codestory.app\/en\/#\/schema\/logo\/image\/"},"sameAs":["https:\/\/www.facebook.com\/academosmentorat\/","https:\/\/twitter.com\/Academos_","https:\/\/www.instagram.com\/academos_\/","https:\/\/www.linkedin.com\/company\/academos-qc-ca","https:\/\/www.youtube.com\/channel\/UCZFjEUFE3l7kbqgQu3c_fFg"]}]}},"_links":{"self":[{"href":"https:\/\/academos-staging.codestory.app\/en\/wp-json\/wp\/v2\/pages\/9631"}],"collection":[{"href":"https:\/\/academos-staging.codestory.app\/en\/wp-json\/wp\/v2\/pages"}],"about":[{"href":"https:\/\/academos-staging.codestory.app\/en\/wp-json\/wp\/v2\/types\/page"}],"author":[{"embeddable":true,"href":"https:\/\/academos-staging.codestory.app\/en\/wp-json\/wp\/v2\/users\/32"}],"replies":[{"embeddable":true,"href":"https:\/\/academos-staging.codestory.app\/en\/wp-json\/wp\/v2\/comments?post=9631"}],"version-history":[{"count":8,"href":"https:\/\/academos-staging.codestory.app\/en\/wp-json\/wp\/v2\/pages\/9631\/revisions"}],"predecessor-version":[{"id":30082,"href":"https:\/\/academos-staging.codestory.app\/en\/wp-json\/wp\/v2\/pages\/9631\/revisions\/30082"}],"wp:attachment":[{"href":"https:\/\/academos-staging.codestory.app\/en\/wp-json\/wp\/v2\/media?parent=9631"}],"curies":[{"name":"wp","href":"https:\/\/api.w.org\/{rel}","templated":true}]}}