{"id":9538,"date":"2019-08-09T13:44:04","date_gmt":"2019-08-09T17:44:04","guid":{"rendered":"http:\/\/academos.devchoco.com\/?page_id=9538"},"modified":"2022-08-22T11:40:30","modified_gmt":"2022-08-22T15:40:30","slug":"carriere","status":"publish","type":"page","link":"https:\/\/academos-staging.codestory.app\/en\/a-propos\/carriere\/","title":{"rendered":"Carri\u00e8res"},"content":{"rendered":"","protected":false},"excerpt":{"rendered":"","protected":false},"author":32,"featured_media":11630,"parent":201,"menu_order":9,"comment_status":"closed","ping_status":"closed","template":"template-base.php","meta":[],"acf":[],"yoast_head":"<!-- This site is optimized with the Yoast SEO plugin v20.1 - https:\/\/yoast.com\/wordpress\/plugins\/seo\/ -->\n<title>Carri\u00e8res - Academos<\/title>\n<meta name=\"description\" content=\"Vous aimeriez travailler tous les jours \u00e0 aider les jeunes du Qu\u00e9bec \u00e0 trouver la carri\u00e8re de leurs r\u00eaves? Joignez-vous \u00e0 notre \u00e9quipe!\" \/>\n<meta name=\"robots\" content=\"noindex, follow, max-snippet:-1, max-image-preview:large, max-video-preview:-1\" \/>\n<meta property=\"og:locale\" content=\"en_US\" \/>\n<meta property=\"og:type\" content=\"article\" \/>\n<meta property=\"og:title\" content=\"Carri\u00e8res - Academos\" \/>\n<meta property=\"og:description\" content=\"Vous aimeriez travailler tous les jours \u00e0 aider les jeunes du Qu\u00e9bec \u00e0 trouver la carri\u00e8re de leurs r\u00eaves? Joignez-vous \u00e0 notre \u00e9quipe!\" \/>\n<meta property=\"og:url\" content=\"https:\/\/academos-staging.codestory.app\/en\/a-propos\/carriere\/\" \/>\n<meta property=\"og:site_name\" content=\"Academos\" \/>\n<meta property=\"article:publisher\" content=\"https:\/\/www.facebook.com\/academosmentorat\/\" \/>\n<meta property=\"article:modified_time\" content=\"2022-08-22T15:40:30+00:00\" \/>\n<meta property=\"og:image\" content=\"https:\/\/academos-staging.codestory.app\/wp-content\/uploads\/2019\/08\/img_3752-copie.jpg\" \/>\n\t<meta property=\"og:image:width\" content=\"1920\" \/>\n\t<meta property=\"og:image:height\" content=\"1440\" \/>\n\t<meta property=\"og:image:type\" content=\"image\/jpeg\" \/>\n<meta name=\"twitter:card\" content=\"summary_large_image\" \/>\n<meta name=\"twitter:site\" content=\"@Academos_\" \/>\n<script type=\"application\/ld+json\" class=\"yoast-schema-graph\">{\"@context\":\"https:\/\/schema.org\",\"@graph\":[{\"@type\":\"WebPage\",\"@id\":\"https:\/\/academos-staging.codestory.app\/en\/a-propos\/carriere\/\",\"url\":\"https:\/\/academos-staging.codestory.app\/en\/a-propos\/carriere\/\",\"name\":\"Carri\u00e8res - Academos\",\"isPartOf\":{\"@id\":\"https:\/\/academos-staging.codestory.app\/en\/#website\"},\"datePublished\":\"2019-08-09T17:44:04+00:00\",\"dateModified\":\"2022-08-22T15:40:30+00:00\",\"description\":\"Vous aimeriez travailler tous les jours \u00e0 aider les jeunes du Qu\u00e9bec \u00e0 trouver la carri\u00e8re de leurs r\u00eaves? Joignez-vous \u00e0 notre \u00e9quipe!\",\"breadcrumb\":{\"@id\":\"https:\/\/academos-staging.codestory.app\/en\/a-propos\/carriere\/#breadcrumb\"},\"inLanguage\":\"en-US\",\"potentialAction\":[{\"@type\":\"ReadAction\",\"target\":[\"https:\/\/academos-staging.codestory.app\/en\/a-propos\/carriere\/\"]}]},{\"@type\":\"BreadcrumbList\",\"@id\":\"https:\/\/academos-staging.codestory.app\/en\/a-propos\/carriere\/#breadcrumb\",\"itemListElement\":[{\"@type\":\"ListItem\",\"position\":1,\"name\":\"Accueil\",\"item\":\"https:\/\/academos-staging.codestory.app\/en\/\"},{\"@type\":\"ListItem\",\"position\":2,\"name\":\"\u00c0 propos\",\"item\":\"https:\/\/academos-staging.codestory.app\/en\/a-propos\/\"},{\"@type\":\"ListItem\",\"position\":3,\"name\":\"Carri\u00e8res\"}]},{\"@type\":\"WebSite\",\"@id\":\"https:\/\/academos-staging.codestory.app\/en\/#website\",\"url\":\"https:\/\/academos-staging.codestory.app\/en\/\",\"name\":\"Academos\",\"description\":\"\",\"publisher\":{\"@id\":\"https:\/\/academos-staging.codestory.app\/en\/#organization\"},\"potentialAction\":[{\"@type\":\"SearchAction\",\"target\":{\"@type\":\"EntryPoint\",\"urlTemplate\":\"https:\/\/academos-staging.codestory.app\/en\/?s={search_term_string}\"},\"query-input\":\"required name=search_term_string\"}],\"inLanguage\":\"en-US\"},{\"@type\":\"Organization\",\"@id\":\"https:\/\/academos-staging.codestory.app\/en\/#organization\",\"name\":\"Academos\",\"url\":\"https:\/\/academos-staging.codestory.app\/en\/\",\"logo\":{\"@type\":\"ImageObject\",\"inLanguage\":\"en-US\",\"@id\":\"https:\/\/academos-staging.codestory.app\/en\/#\/schema\/logo\/image\/\",\"url\":\"https:\/\/academos-staging.codestory.app\/wp-content\/uploads\/2020\/04\/logoacademosofficiel_orange.png\",\"contentUrl\":\"https:\/\/academos-staging.codestory.app\/wp-content\/uploads\/2020\/04\/logoacademosofficiel_orange.png\",\"width\":1020,\"height\":853,\"caption\":\"Academos\"},\"image\":{\"@id\":\"https:\/\/academos-staging.codestory.app\/en\/#\/schema\/logo\/image\/\"},\"sameAs\":[\"https:\/\/www.facebook.com\/academosmentorat\/\",\"https:\/\/twitter.com\/Academos_\",\"https:\/\/www.instagram.com\/academos_\/\",\"https:\/\/www.linkedin.com\/company\/academos-qc-ca\",\"https:\/\/www.youtube.com\/channel\/UCZFjEUFE3l7kbqgQu3c_fFg\"]}]}<\/script>\n<!-- \/ Yoast SEO plugin. -->","yoast_head_json":{"title":"Carri\u00e8res - Academos","description":"Vous aimeriez travailler tous les jours \u00e0 aider les jeunes du Qu\u00e9bec \u00e0 trouver la carri\u00e8re de leurs r\u00eaves? Joignez-vous \u00e0 notre \u00e9quipe!","robots":{"index":"noindex","follow":"follow","max-snippet":"max-snippet:-1","max-image-preview":"max-image-preview:large","max-video-preview":"max-video-preview:-1"},"og_locale":"en_US","og_type":"article","og_title":"Carri\u00e8res - Academos","og_description":"Vous aimeriez travailler tous les jours \u00e0 aider les jeunes du Qu\u00e9bec \u00e0 trouver la carri\u00e8re de leurs r\u00eaves? Joignez-vous \u00e0 notre \u00e9quipe!","og_url":"https:\/\/academos-staging.codestory.app\/en\/a-propos\/carriere\/","og_site_name":"Academos","article_publisher":"https:\/\/www.facebook.com\/academosmentorat\/","article_modified_time":"2022-08-22T15:40:30+00:00","og_image":[{"width":1920,"height":1440,"url":"https:\/\/academos-staging.codestory.app\/wp-content\/uploads\/2019\/08\/img_3752-copie.jpg","type":"image\/jpeg"}],"twitter_card":"summary_large_image","twitter_site":"@Academos_","schema":{"@context":"https:\/\/schema.org","@graph":[{"@type":"WebPage","@id":"https:\/\/academos-staging.codestory.app\/en\/a-propos\/carriere\/","url":"https:\/\/academos-staging.codestory.app\/en\/a-propos\/carriere\/","name":"Carri\u00e8res - Academos","isPartOf":{"@id":"https:\/\/academos-staging.codestory.app\/en\/#website"},"datePublished":"2019-08-09T17:44:04+00:00","dateModified":"2022-08-22T15:40:30+00:00","description":"Vous aimeriez travailler tous les jours \u00e0 aider les jeunes du Qu\u00e9bec \u00e0 trouver la carri\u00e8re de leurs r\u00eaves? Joignez-vous \u00e0 notre \u00e9quipe!","breadcrumb":{"@id":"https:\/\/academos-staging.codestory.app\/en\/a-propos\/carriere\/#breadcrumb"},"inLanguage":"en-US","potentialAction":[{"@type":"ReadAction","target":["https:\/\/academos-staging.codestory.app\/en\/a-propos\/carriere\/"]}]},{"@type":"BreadcrumbList","@id":"https:\/\/academos-staging.codestory.app\/en\/a-propos\/carriere\/#breadcrumb","itemListElement":[{"@type":"ListItem","position":1,"name":"Accueil","item":"https:\/\/academos-staging.codestory.app\/en\/"},{"@type":"ListItem","position":2,"name":"\u00c0 propos","item":"https:\/\/academos-staging.codestory.app\/en\/a-propos\/"},{"@type":"ListItem","position":3,"name":"Carri\u00e8res"}]},{"@type":"WebSite","@id":"https:\/\/academos-staging.codestory.app\/en\/#website","url":"https:\/\/academos-staging.codestory.app\/en\/","name":"Academos","description":"","publisher":{"@id":"https:\/\/academos-staging.codestory.app\/en\/#organization"},"potentialAction":[{"@type":"SearchAction","target":{"@type":"EntryPoint","urlTemplate":"https:\/\/academos-staging.codestory.app\/en\/?s={search_term_string}"},"query-input":"required name=search_term_string"}],"inLanguage":"en-US"},{"@type":"Organization","@id":"https:\/\/academos-staging.codestory.app\/en\/#organization","name":"Academos","url":"https:\/\/academos-staging.codestory.app\/en\/","logo":{"@type":"ImageObject","inLanguage":"en-US","@id":"https:\/\/academos-staging.codestory.app\/en\/#\/schema\/logo\/image\/","url":"https:\/\/academos-staging.codestory.app\/wp-content\/uploads\/2020\/04\/logoacademosofficiel_orange.png","contentUrl":"https:\/\/academos-staging.codestory.app\/wp-content\/uploads\/2020\/04\/logoacademosofficiel_orange.png","width":1020,"height":853,"caption":"Academos"},"image":{"@id":"https:\/\/academos-staging.codestory.app\/en\/#\/schema\/logo\/image\/"},"sameAs":["https:\/\/www.facebook.com\/academosmentorat\/","https:\/\/twitter.com\/Academos_","https:\/\/www.instagram.com\/academos_\/","https:\/\/www.linkedin.com\/company\/academos-qc-ca","https:\/\/www.youtube.com\/channel\/UCZFjEUFE3l7kbqgQu3c_fFg"]}]}},"_links":{"self":[{"href":"https:\/\/academos-staging.codestory.app\/en\/wp-json\/wp\/v2\/pages\/9538"}],"collection":[{"href":"https:\/\/academos-staging.codestory.app\/en\/wp-json\/wp\/v2\/pages"}],"about":[{"href":"https:\/\/academos-staging.codestory.app\/en\/wp-json\/wp\/v2\/types\/page"}],"author":[{"embeddable":true,"href":"https:\/\/academos-staging.codestory.app\/en\/wp-json\/wp\/v2\/users\/32"}],"replies":[{"embeddable":true,"href":"https:\/\/academos-staging.codestory.app\/en\/wp-json\/wp\/v2\/comments?post=9538"}],"version-history":[{"count":10,"href":"https:\/\/academos-staging.codestory.app\/en\/wp-json\/wp\/v2\/pages\/9538\/revisions"}],"predecessor-version":[{"id":34990,"href":"https:\/\/academos-staging.codestory.app\/en\/wp-json\/wp\/v2\/pages\/9538\/revisions\/34990"}],"up":[{"embeddable":true,"href":"https:\/\/academos-staging.codestory.app\/en\/wp-json\/wp\/v2\/pages\/201"}],"wp:featuredmedia":[{"embeddable":true,"href":"https:\/\/academos-staging.codestory.app\/en\/wp-json\/wp\/v2\/media\/11630"}],"wp:attachment":[{"href":"https:\/\/academos-staging.codestory.app\/en\/wp-json\/wp\/v2\/media?parent=9538"}],"curies":[{"name":"wp","href":"https:\/\/api.w.org\/{rel}","templated":true}]}}