{"id":225,"date":"2019-06-20T11:12:25","date_gmt":"2019-06-20T15:12:25","guid":{"rendered":"http:\/\/academos.devchoco.com\/?page_id=225"},"modified":"2021-05-12T12:03:44","modified_gmt":"2021-05-12T16:03:44","slug":"etudes-et-prises-de-position","status":"publish","type":"page","link":"https:\/\/academos-staging.codestory.app\/en\/a-propos\/etudes-et-prises-de-position\/","title":{"rendered":"\u00c9tudes et prises de position"},"content":{"rendered":"","protected":false},"excerpt":{"rendered":"","protected":false},"author":32,"featured_media":0,"parent":201,"menu_order":5,"comment_status":"closed","ping_status":"closed","template":"template-base.php","meta":[],"acf":[],"yoast_head":"<!-- This site is optimized with the Yoast SEO plugin v20.1 - https:\/\/yoast.com\/wordpress\/plugins\/seo\/ -->\n<title>\u00c9tudes et prises de position - Academos<\/title>\n<meta name=\"description\" content=\"L\u2019\u00e9quipe d\u2019Academos a \u00e9t\u00e9 la premi\u00e8re \u00e0 d\u00e9velopper un programme de cybermentorat au Canada, d\u00e9couvrez ce que nous avons appris au fil des ans.\" \/>\n<meta name=\"robots\" content=\"noindex, follow, max-snippet:-1, max-image-preview:large, max-video-preview:-1\" \/>\n<meta property=\"og:locale\" content=\"en_US\" \/>\n<meta property=\"og:type\" content=\"article\" \/>\n<meta property=\"og:title\" content=\"\u00c9tudes et prises de position - Academos\" \/>\n<meta property=\"og:description\" content=\"L\u2019\u00e9quipe d\u2019Academos a \u00e9t\u00e9 la premi\u00e8re \u00e0 d\u00e9velopper un programme de cybermentorat au Canada, d\u00e9couvrez ce que nous avons appris au fil des ans.\" \/>\n<meta property=\"og:url\" content=\"https:\/\/academos-staging.codestory.app\/en\/a-propos\/etudes-et-prises-de-position\/\" \/>\n<meta property=\"og:site_name\" content=\"Academos\" \/>\n<meta property=\"article:publisher\" content=\"https:\/\/www.facebook.com\/academosmentorat\/\" \/>\n<meta property=\"article:modified_time\" content=\"2021-05-12T16:03:44+00:00\" \/>\n<meta property=\"og:image\" content=\"https:\/\/academos-staging.codestory.app\/wp-content\/uploads\/2019\/11\/image_seo-1-1024x683.png\" \/>\n\t<meta property=\"og:image:width\" content=\"1024\" \/>\n\t<meta property=\"og:image:height\" content=\"683\" \/>\n\t<meta property=\"og:image:type\" content=\"image\/png\" \/>\n<meta name=\"twitter:card\" content=\"summary_large_image\" \/>\n<meta name=\"twitter:site\" content=\"@Academos_\" \/>\n<script type=\"application\/ld+json\" class=\"yoast-schema-graph\">{\"@context\":\"https:\/\/schema.org\",\"@graph\":[{\"@type\":\"WebPage\",\"@id\":\"https:\/\/academos-staging.codestory.app\/en\/a-propos\/etudes-et-prises-de-position\/\",\"url\":\"https:\/\/academos-staging.codestory.app\/en\/a-propos\/etudes-et-prises-de-position\/\",\"name\":\"\u00c9tudes et prises de position - Academos\",\"isPartOf\":{\"@id\":\"https:\/\/academos-staging.codestory.app\/en\/#website\"},\"datePublished\":\"2019-06-20T15:12:25+00:00\",\"dateModified\":\"2021-05-12T16:03:44+00:00\",\"description\":\"L\u2019\u00e9quipe d\u2019Academos a \u00e9t\u00e9 la premi\u00e8re \u00e0 d\u00e9velopper un programme de cybermentorat au Canada, d\u00e9couvrez ce que nous avons appris au fil des ans.\",\"breadcrumb\":{\"@id\":\"https:\/\/academos-staging.codestory.app\/en\/a-propos\/etudes-et-prises-de-position\/#breadcrumb\"},\"inLanguage\":\"en-US\",\"potentialAction\":[{\"@type\":\"ReadAction\",\"target\":[\"https:\/\/academos-staging.codestory.app\/en\/a-propos\/etudes-et-prises-de-position\/\"]}]},{\"@type\":\"BreadcrumbList\",\"@id\":\"https:\/\/academos-staging.codestory.app\/en\/a-propos\/etudes-et-prises-de-position\/#breadcrumb\",\"itemListElement\":[{\"@type\":\"ListItem\",\"position\":1,\"name\":\"Accueil\",\"item\":\"https:\/\/academos-staging.codestory.app\/en\/\"},{\"@type\":\"ListItem\",\"position\":2,\"name\":\"\u00c0 propos\",\"item\":\"https:\/\/academos-staging.codestory.app\/en\/a-propos\/\"},{\"@type\":\"ListItem\",\"position\":3,\"name\":\"\u00c9tudes et prises de position\"}]},{\"@type\":\"WebSite\",\"@id\":\"https:\/\/academos-staging.codestory.app\/en\/#website\",\"url\":\"https:\/\/academos-staging.codestory.app\/en\/\",\"name\":\"Academos\",\"description\":\"\",\"publisher\":{\"@id\":\"https:\/\/academos-staging.codestory.app\/en\/#organization\"},\"potentialAction\":[{\"@type\":\"SearchAction\",\"target\":{\"@type\":\"EntryPoint\",\"urlTemplate\":\"https:\/\/academos-staging.codestory.app\/en\/?s={search_term_string}\"},\"query-input\":\"required name=search_term_string\"}],\"inLanguage\":\"en-US\"},{\"@type\":\"Organization\",\"@id\":\"https:\/\/academos-staging.codestory.app\/en\/#organization\",\"name\":\"Academos\",\"url\":\"https:\/\/academos-staging.codestory.app\/en\/\",\"logo\":{\"@type\":\"ImageObject\",\"inLanguage\":\"en-US\",\"@id\":\"https:\/\/academos-staging.codestory.app\/en\/#\/schema\/logo\/image\/\",\"url\":\"https:\/\/academos-staging.codestory.app\/wp-content\/uploads\/2020\/04\/logoacademosofficiel_orange.png\",\"contentUrl\":\"https:\/\/academos-staging.codestory.app\/wp-content\/uploads\/2020\/04\/logoacademosofficiel_orange.png\",\"width\":1020,\"height\":853,\"caption\":\"Academos\"},\"image\":{\"@id\":\"https:\/\/academos-staging.codestory.app\/en\/#\/schema\/logo\/image\/\"},\"sameAs\":[\"https:\/\/www.facebook.com\/academosmentorat\/\",\"https:\/\/twitter.com\/Academos_\",\"https:\/\/www.instagram.com\/academos_\/\",\"https:\/\/www.linkedin.com\/company\/academos-qc-ca\",\"https:\/\/www.youtube.com\/channel\/UCZFjEUFE3l7kbqgQu3c_fFg\"]}]}<\/script>\n<!-- \/ Yoast SEO plugin. -->","yoast_head_json":{"title":"\u00c9tudes et prises de position - Academos","description":"L\u2019\u00e9quipe d\u2019Academos a \u00e9t\u00e9 la premi\u00e8re \u00e0 d\u00e9velopper un programme de cybermentorat au Canada, d\u00e9couvrez ce que nous avons appris au fil des ans.","robots":{"index":"noindex","follow":"follow","max-snippet":"max-snippet:-1","max-image-preview":"max-image-preview:large","max-video-preview":"max-video-preview:-1"},"og_locale":"en_US","og_type":"article","og_title":"\u00c9tudes et prises de position - Academos","og_description":"L\u2019\u00e9quipe d\u2019Academos a \u00e9t\u00e9 la premi\u00e8re \u00e0 d\u00e9velopper un programme de cybermentorat au Canada, d\u00e9couvrez ce que nous avons appris au fil des ans.","og_url":"https:\/\/academos-staging.codestory.app\/en\/a-propos\/etudes-et-prises-de-position\/","og_site_name":"Academos","article_publisher":"https:\/\/www.facebook.com\/academosmentorat\/","article_modified_time":"2021-05-12T16:03:44+00:00","og_image":[{"width":1024,"height":683,"url":"https:\/\/academos-staging.codestory.app\/wp-content\/uploads\/2019\/11\/image_seo-1-1024x683.png","type":"image\/png"}],"twitter_card":"summary_large_image","twitter_site":"@Academos_","schema":{"@context":"https:\/\/schema.org","@graph":[{"@type":"WebPage","@id":"https:\/\/academos-staging.codestory.app\/en\/a-propos\/etudes-et-prises-de-position\/","url":"https:\/\/academos-staging.codestory.app\/en\/a-propos\/etudes-et-prises-de-position\/","name":"\u00c9tudes et prises de position - Academos","isPartOf":{"@id":"https:\/\/academos-staging.codestory.app\/en\/#website"},"datePublished":"2019-06-20T15:12:25+00:00","dateModified":"2021-05-12T16:03:44+00:00","description":"L\u2019\u00e9quipe d\u2019Academos a \u00e9t\u00e9 la premi\u00e8re \u00e0 d\u00e9velopper un programme de cybermentorat au Canada, d\u00e9couvrez ce que nous avons appris au fil des ans.","breadcrumb":{"@id":"https:\/\/academos-staging.codestory.app\/en\/a-propos\/etudes-et-prises-de-position\/#breadcrumb"},"inLanguage":"en-US","potentialAction":[{"@type":"ReadAction","target":["https:\/\/academos-staging.codestory.app\/en\/a-propos\/etudes-et-prises-de-position\/"]}]},{"@type":"BreadcrumbList","@id":"https:\/\/academos-staging.codestory.app\/en\/a-propos\/etudes-et-prises-de-position\/#breadcrumb","itemListElement":[{"@type":"ListItem","position":1,"name":"Accueil","item":"https:\/\/academos-staging.codestory.app\/en\/"},{"@type":"ListItem","position":2,"name":"\u00c0 propos","item":"https:\/\/academos-staging.codestory.app\/en\/a-propos\/"},{"@type":"ListItem","position":3,"name":"\u00c9tudes et prises de position"}]},{"@type":"WebSite","@id":"https:\/\/academos-staging.codestory.app\/en\/#website","url":"https:\/\/academos-staging.codestory.app\/en\/","name":"Academos","description":"","publisher":{"@id":"https:\/\/academos-staging.codestory.app\/en\/#organization"},"potentialAction":[{"@type":"SearchAction","target":{"@type":"EntryPoint","urlTemplate":"https:\/\/academos-staging.codestory.app\/en\/?s={search_term_string}"},"query-input":"required name=search_term_string"}],"inLanguage":"en-US"},{"@type":"Organization","@id":"https:\/\/academos-staging.codestory.app\/en\/#organization","name":"Academos","url":"https:\/\/academos-staging.codestory.app\/en\/","logo":{"@type":"ImageObject","inLanguage":"en-US","@id":"https:\/\/academos-staging.codestory.app\/en\/#\/schema\/logo\/image\/","url":"https:\/\/academos-staging.codestory.app\/wp-content\/uploads\/2020\/04\/logoacademosofficiel_orange.png","contentUrl":"https:\/\/academos-staging.codestory.app\/wp-content\/uploads\/2020\/04\/logoacademosofficiel_orange.png","width":1020,"height":853,"caption":"Academos"},"image":{"@id":"https:\/\/academos-staging.codestory.app\/en\/#\/schema\/logo\/image\/"},"sameAs":["https:\/\/www.facebook.com\/academosmentorat\/","https:\/\/twitter.com\/Academos_","https:\/\/www.instagram.com\/academos_\/","https:\/\/www.linkedin.com\/company\/academos-qc-ca","https:\/\/www.youtube.com\/channel\/UCZFjEUFE3l7kbqgQu3c_fFg"]}]}},"_links":{"self":[{"href":"https:\/\/academos-staging.codestory.app\/en\/wp-json\/wp\/v2\/pages\/225"}],"collection":[{"href":"https:\/\/academos-staging.codestory.app\/en\/wp-json\/wp\/v2\/pages"}],"about":[{"href":"https:\/\/academos-staging.codestory.app\/en\/wp-json\/wp\/v2\/types\/page"}],"author":[{"embeddable":true,"href":"https:\/\/academos-staging.codestory.app\/en\/wp-json\/wp\/v2\/users\/32"}],"replies":[{"embeddable":true,"href":"https:\/\/academos-staging.codestory.app\/en\/wp-json\/wp\/v2\/comments?post=225"}],"version-history":[{"count":10,"href":"https:\/\/academos-staging.codestory.app\/en\/wp-json\/wp\/v2\/pages\/225\/revisions"}],"predecessor-version":[{"id":29959,"href":"https:\/\/academos-staging.codestory.app\/en\/wp-json\/wp\/v2\/pages\/225\/revisions\/29959"}],"up":[{"embeddable":true,"href":"https:\/\/academos-staging.codestory.app\/en\/wp-json\/wp\/v2\/pages\/201"}],"wp:attachment":[{"href":"https:\/\/academos-staging.codestory.app\/en\/wp-json\/wp\/v2\/media?parent=225"}],"curies":[{"name":"wp","href":"https:\/\/api.w.org\/{rel}","templated":true}]}}